{"id":28,"date":"2025-10-05T22:48:25","date_gmt":"2025-10-05T22:48:25","guid":{"rendered":"https:\/\/lernpraxis-reutimann.polyhedronsdev.com\/?page_id=28"},"modified":"2025-10-22T12:51:57","modified_gmt":"2025-10-22T12:51:57","slug":"home","status":"publish","type":"page","link":"https:\/\/lernpraxis-reutimann.ch\/","title":{"rendered":"Home"},"content":{"rendered":"\t\t<div data-elementor-type=\"wp-page\" data-elementor-id=\"28\" class=\"elementor elementor-28\" data-elementor-post-type=\"page\">\n\t\t\t\t<div class=\"elementor-element elementor-element-552cc2d e-flex e-con-boxed e-con e-parent\" data-id=\"552cc2d\" data-element_type=\"container\" data-e-type=\"container\" data-settings=\"{&quot;background_background&quot;:&quot;classic&quot;}\">\n\t\t\t\t\t<div class=\"e-con-inner\">\n\t\t\t\t<div class=\"elementor-element elementor-element-02bdce9 elementor-widget elementor-widget-heading\" data-id=\"02bdce9\" data-element_type=\"widget\" data-e-type=\"widget\" data-widget_type=\"heading.default\">\n\t\t\t\t\t<h2 class=\"elementor-heading-title elementor-size-default\">Margrit Reutimann\n<\/h2>\t\t\t\t<\/div>\n\t\t\t\t<div class=\"elementor-element elementor-element-63e2ff2 elementor-widget elementor-widget-heading\" data-id=\"63e2ff2\" data-element_type=\"widget\" data-e-type=\"widget\" data-widget_type=\"heading.default\">\n\t\t\t\t\t<h2 class=\"elementor-heading-title elementor-size-default\">DAMIT RECHNEN <br> LEICHTER WIRD<\/h2>\t\t\t\t<\/div>\n\t\t\t\t\t<\/div>\n\t\t\t\t<\/div>\n\t\t<div class=\"elementor-element elementor-element-43c8ea7 e-flex e-con-boxed e-con e-parent\" data-id=\"43c8ea7\" data-element_type=\"container\" data-e-type=\"container\" id=\"therapie\">\n\t\t\t\t\t<div class=\"e-con-inner\">\n\t\t\t\t<div class=\"elementor-element elementor-element-bc3eb2a elementor-invisible elementor-widget elementor-widget-heading\" data-id=\"bc3eb2a\" data-element_type=\"widget\" data-e-type=\"widget\" data-settings=\"{&quot;_animation&quot;:&quot;fadeInRight&quot;}\" data-widget_type=\"heading.default\">\n\t\t\t\t\t<h2 class=\"elementor-heading-title elementor-size-default\">Gerne unterst\u00fctze ich Ihr Primarschulkind bei einer Rechenschw\u00e4che (Dyskalkulie)\n<\/h2>\t\t\t\t<\/div>\n\t\t<div class=\"elementor-element elementor-element-c34cea6 e-con-full e-grid e-con e-child\" data-id=\"c34cea6\" data-element_type=\"container\" data-e-type=\"container\">\n\t\t<div class=\"elementor-element elementor-element-ec96a27 e-con-full e-flex e-con e-child\" data-id=\"ec96a27\" data-element_type=\"container\" data-e-type=\"container\" data-settings=\"{&quot;background_background&quot;:&quot;classic&quot;}\">\n\t\t\t\t<div class=\"elementor-element elementor-element-bc9debb elementor-invisible elementor-widget elementor-widget-heading\" data-id=\"bc9debb\" data-element_type=\"widget\" data-e-type=\"widget\" data-settings=\"{&quot;_animation&quot;:&quot;fadeInRight&quot;}\" data-widget_type=\"heading.default\">\n\t\t\t\t\t<h2 class=\"elementor-heading-title elementor-size-default\">Die Therapie<\/h2>\t\t\t\t<\/div>\n\t\t\t\t<div class=\"elementor-element elementor-element-e41a4b8 elementor-widget-divider--view-line elementor-widget elementor-widget-divider\" data-id=\"e41a4b8\" data-element_type=\"widget\" data-e-type=\"widget\" data-widget_type=\"divider.default\">\n\t\t\t\t\t\t\t<div class=\"elementor-divider\">\n\t\t\t<span class=\"elementor-divider-separator\">\n\t\t\t\t\t\t<\/span>\n\t\t<\/div>\n\t\t\t\t\t\t<\/div>\n\t\t\t\t<div class=\"elementor-element elementor-element-ffc9d8a elementor-invisible elementor-widget elementor-widget-text-editor\" data-id=\"ffc9d8a\" data-element_type=\"widget\" data-e-type=\"widget\" data-settings=\"{&quot;_animation&quot;:&quot;fadeInRight&quot;}\" data-widget_type=\"text-editor.default\">\n\t\t\t\t\t\t\t\t\t<div id=\"vbid-bd1ac390-brtsfvfg\" class=\"preview-element preview-body magic-circle-holder text-element quick-text-style-menu   allow-mobile-hide\" data-menu-name=\"PREVIEW_BODY\"><p>In der Therapie arbeite ich an fehlenden Grundlagen und am mathematischen Verst\u00e4ndnis und vorerst nicht am aktuellen Schulstoff. Dies ist ein wesentlicher Unterschied zur Nachhilfe. Zudem wird das Arbeits- und Lernverhalten des Kindes gef\u00f6rdert. Ein Kontakt mit der Schule macht h\u00e4ufig Sinn.<\/p><\/div>\t\t\t\t\t\t\t\t<\/div>\n\t\t\t\t<\/div>\n\t\t<div class=\"elementor-element elementor-element-a88e510 e-con-full e-flex e-con e-child\" data-id=\"a88e510\" data-element_type=\"container\" data-e-type=\"container\" data-settings=\"{&quot;background_background&quot;:&quot;classic&quot;}\">\n\t\t\t\t<div class=\"elementor-element elementor-element-ba8e878 elementor-invisible elementor-widget elementor-widget-heading\" data-id=\"ba8e878\" data-element_type=\"widget\" data-e-type=\"widget\" data-settings=\"{&quot;_animation&quot;:&quot;fadeInRight&quot;}\" data-widget_type=\"heading.default\">\n\t\t\t\t\t<h2 class=\"elementor-heading-title elementor-size-default\">Das Ziel<\/h2>\t\t\t\t<\/div>\n\t\t\t\t<div class=\"elementor-element elementor-element-adb47d7 elementor-widget-divider--view-line elementor-widget elementor-widget-divider\" data-id=\"adb47d7\" data-element_type=\"widget\" data-e-type=\"widget\" data-widget_type=\"divider.default\">\n\t\t\t\t\t\t\t<div class=\"elementor-divider\">\n\t\t\t<span class=\"elementor-divider-separator\">\n\t\t\t\t\t\t<\/span>\n\t\t<\/div>\n\t\t\t\t\t\t<\/div>\n\t\t\t\t<div class=\"elementor-element elementor-element-9a6eb71 elementor-invisible elementor-widget elementor-widget-text-editor\" data-id=\"9a6eb71\" data-element_type=\"widget\" data-e-type=\"widget\" data-settings=\"{&quot;_animation&quot;:&quot;fadeInRight&quot;}\" data-widget_type=\"text-editor.default\">\n\t\t\t\t\t\t\t\t\t<div id=\"vbid-bd1ac390-brtsfvfg\" class=\"preview-element preview-body magic-circle-holder text-element quick-text-style-menu allow-mobile-hide\" data-menu-name=\"PREVIEW_BODY\"><div id=\"vbid-bd1ac390-ceaelo7i\" class=\"preview-element preview-body magic-circle-holder text-element quick-text-style-menu   allow-mobile-hide\" data-menu-name=\"PREVIEW_BODY\"><p>H\u00e4ufig zeigt sich, dass das Kind durch die zunehmend gr\u00f6ssere Sicherheit wieder mehr Selbstvertrauen fassen und \u00c4ngste vor der Mathematik abbauen kann. Das Rechnen f\u00e4llt leichter und es kann dem aktuellen Schulstoff besser folgen.<\/p><\/div><\/div>\t\t\t\t\t\t\t\t<\/div>\n\t\t\t\t<\/div>\n\t\t<div class=\"elementor-element elementor-element-d02186b e-con-full e-flex e-con e-child\" data-id=\"d02186b\" data-element_type=\"container\" data-e-type=\"container\" data-settings=\"{&quot;background_background&quot;:&quot;classic&quot;}\">\n\t\t\t\t<div class=\"elementor-element elementor-element-d2bd563 elementor-invisible elementor-widget elementor-widget-heading\" data-id=\"d2bd563\" data-element_type=\"widget\" data-e-type=\"widget\" data-settings=\"{&quot;_animation&quot;:&quot;fadeInRight&quot;}\" data-widget_type=\"heading.default\">\n\t\t\t\t\t<h2 class=\"elementor-heading-title elementor-size-default\">Kontakt und Preis\n<\/h2>\t\t\t\t<\/div>\n\t\t\t\t<div class=\"elementor-element elementor-element-e04633c elementor-widget-divider--view-line elementor-widget elementor-widget-divider\" data-id=\"e04633c\" data-element_type=\"widget\" data-e-type=\"widget\" data-widget_type=\"divider.default\">\n\t\t\t\t\t\t\t<div class=\"elementor-divider\">\n\t\t\t<span class=\"elementor-divider-separator\">\n\t\t\t\t\t\t<\/span>\n\t\t<\/div>\n\t\t\t\t\t\t<\/div>\n\t\t\t\t<div class=\"elementor-element elementor-element-8932517 elementor-invisible elementor-widget elementor-widget-text-editor\" data-id=\"8932517\" data-element_type=\"widget\" data-e-type=\"widget\" data-settings=\"{&quot;_animation&quot;:&quot;fadeInRight&quot;}\" data-widget_type=\"text-editor.default\">\n\t\t\t\t\t\t\t\t\t60 Minuten kosten CHF 90.-\n<br>\n**\n<br>\nF\u00fcr weitere Ausk\u00fcnfte k\u00f6nnen Sie mich gerne unter <a href=\"tel: 076 383 33 50\">076 383 33 50<\/a> anrufen und evtl. auf die Combox sprechen. Ich rufe dann zur\u00fcck.\n<br>\n**\n<br>\n\nW\u00e4hrend der Schulferien findet keine Therapie statt.\t\t\t\t\t\t\t\t<\/div>\n\t\t\t\t<\/div>\n\t\t\t\t<\/div>\n\t\t\t\t\t<\/div>\n\t\t\t\t<\/div>\n\t\t<div class=\"elementor-element elementor-element-e27cb34 e-flex e-con-boxed e-con e-parent\" data-id=\"e27cb34\" data-element_type=\"container\" data-e-type=\"container\" id=\"ueber-uns\" data-settings=\"{&quot;background_background&quot;:&quot;classic&quot;}\">\n\t\t\t\t\t<div class=\"e-con-inner\">\n\t\t<div class=\"elementor-element elementor-element-dba595b e-con-full e-flex e-con e-child\" data-id=\"dba595b\" data-element_type=\"container\" data-e-type=\"container\" data-settings=\"{&quot;background_background&quot;:&quot;classic&quot;}\">\n\t\t\t\t<\/div>\n\t\t<div class=\"elementor-element elementor-element-3bdc92c e-con-full e-flex e-con e-child\" data-id=\"3bdc92c\" data-element_type=\"container\" data-e-type=\"container\">\n\t\t\t\t<div class=\"elementor-element elementor-element-bd8022d elementor-widget elementor-widget-heading\" data-id=\"bd8022d\" data-element_type=\"widget\" data-e-type=\"widget\" data-widget_type=\"heading.default\">\n\t\t\t\t\t<h2 class=\"elementor-heading-title elementor-size-default\">Mein Werdegang<\/h2>\t\t\t\t<\/div>\n\t\t\t\t<div class=\"elementor-element elementor-element-96834ed elementor-widget-divider--view-line elementor-widget elementor-widget-divider\" data-id=\"96834ed\" data-element_type=\"widget\" data-e-type=\"widget\" data-widget_type=\"divider.default\">\n\t\t\t\t\t\t\t<div class=\"elementor-divider\">\n\t\t\t<span class=\"elementor-divider-separator\">\n\t\t\t\t\t\t<\/span>\n\t\t<\/div>\n\t\t\t\t\t\t<\/div>\n\t\t\t\t<div class=\"elementor-element elementor-element-bb551f7 elementor-widget__width-initial elementor-widget elementor-widget-text-editor\" data-id=\"bb551f7\" data-element_type=\"widget\" data-e-type=\"widget\" data-widget_type=\"text-editor.default\">\n\t\t\t\t\t\t\t\t\t<div id=\"vbid-bd1ac390-brtsfvfg\" class=\"preview-element preview-body magic-circle-holder text-element quick-text-style-menu allow-mobile-hide\" data-menu-name=\"PREVIEW_BODY\"><p>Regelm\u00e4ssige Supervision und Weiterbildungen im Zusammenhang mit Lernf\u00f6rderung, u.a. zu &#171;Feuerstein Enrichment Programs FIE&#187; bei Rolf Nyfeler, Z\u00fcrich<\/p><p>2019 Weiterbildung zum Kinder- und Jugendcoach bei Daniel Paasch als Unterst\u00fctzung bei Lernblockaden<\/p><p>2018 Ausbildung zur\u00a0<a href=\"http:\/\/www.rit-reflexintegration.de\/\" data-cke-saved-href=\"http:\/\/www.rit-reflexintegration.de\">Reflexintegrationstherapeutin<\/a>\u00a0an der Akademie f\u00fcr Neuronale Reife, M\u00fcnchen<\/p><p>2008 Ausbildung zur Therapeutin f\u00fcr Rechenschw\u00e4che am\u00a0<a href=\"http:\/\/www.rechenschwaeche.ch\/\" data-cke-saved-href=\"http:\/\/www.rechenschwaeche.ch\">Therapiezentrum Rechenschw\u00e4che Basel<\/a>, seitdem teilzeitlich in eigener Praxis t\u00e4tig<\/p><p>1998-2001 Ausbildung zur Schulischen Heilp\u00e4dagogin, T\u00e4tigkeit auf allen Primarschulstufen<\/p><p>Ausbildung zur Primarlehrerin, langj\u00e4hrige Erfahrung auf allen Primarschulstufen<\/p><\/div>\t\t\t\t\t\t\t\t<\/div>\n\t\t\t\t<\/div>\n\t\t\t\t\t<\/div>\n\t\t\t\t<\/div>\n\t\t<div class=\"elementor-element elementor-element-3b96e0a e-flex e-con-boxed elementor-invisible e-con e-parent\" data-id=\"3b96e0a\" data-element_type=\"container\" data-e-type=\"container\" id=\"rechen\" data-settings=\"{&quot;animation&quot;:&quot;fadeInRight&quot;}\">\n\t\t\t\t\t<div class=\"e-con-inner\">\n\t\t\t\t<div class=\"elementor-element elementor-element-3a254bb elementor-widget elementor-widget-heading\" data-id=\"3a254bb\" data-element_type=\"widget\" data-e-type=\"widget\" data-widget_type=\"heading.default\">\n\t\t\t\t\t<h2 class=\"elementor-heading-title elementor-size-default\">Wie zeigt sich eine Rechenschw\u00e4che?\n<\/h2>\t\t\t\t<\/div>\n\t\t\t\t<div class=\"elementor-element elementor-element-d2493ea elementor-widget elementor-widget-text-editor\" data-id=\"d2493ea\" data-element_type=\"widget\" data-e-type=\"widget\" data-widget_type=\"text-editor.default\">\n\t\t\t\t\t\t\t\t\t<div id=\"vbid-bd1ac390-brtsfvfg\" class=\"preview-element preview-body magic-circle-holder text-element quick-text-style-menu allow-mobile-hide\" data-menu-name=\"PREVIEW_BODY\"><p>Zahlen und Mengenangaben sind f\u00fcr Kinder mit einer Rechenschw\u00e4che wie ein Berg von ungeordneten Zahlen. Sie wissen nicht, was sie mit diesen Zahlen machen sollen, weil sie keine Vorstellung von den Zusammenh\u00e4ngen haben und k\u00f6nnen sich oft Einiges darum auch nicht merken.<\/p><p>Viele Kinder finden anfangs noch schlaue Wege, trotz dieser Schwierigkeit richtig zu rechnen. Sie lernen z.B. alles auswendig, einige z\u00e4hlen mit den Fingern ab.<\/p><p>Leider funktionieren diese Ersatzhilfen irgendwann nicht mehr. Sichtbar wird dies h\u00e4ufig ab der 3. Klasse, das Kind ger\u00e4t in Not, h\u00e4lt sich wom\u00f6glich f\u00fcr \u201adumm\u2018 und sein Selbstwert sinkt.<\/p><p>Da hilft dann auch keine Nachhilfe, in der ja am aktuellen Unterrichtsstoff gearbeitet wird. Es w\u00e4re wie wenn man bei einem Haus den 1. Stock bauen w\u00fcrde, aber das Fundament fehlt noch. Deshalb arbeiten wir in der Dyskalkulie-Therapie zuerst nicht am aktuellen Schulstoff, sondern an den Grundlagen.<\/p><p>Wenn Sie sich genauer \u00fcber Anzeichen einer Rechenschw\u00e4che informieren wollen, finden Sie unter folgendem Link hilfreiche Angaben:\u00a0<a href=\"http:\/\/rechenschwaeche.ch\/\" data-cke-saved-href=\"http:\/\/rechenschwaeche.ch\">www.rechenschwaeche.ch<\/a>. Die Adresse ist auch eine Anlaufstelle f\u00fcr eine umfassende Abkl\u00e4rung.<\/p><\/div>\t\t\t\t\t\t\t\t<\/div>\n\t\t\t\t\t<\/div>\n\t\t\t\t<\/div>\n\t\t<div class=\"elementor-element elementor-element-ca4e258 e-con-full e-flex e-con e-parent\" data-id=\"ca4e258\" data-element_type=\"container\" data-e-type=\"container\" id=\"kontakt\">\n\t\t\t\t<div class=\"elementor-element elementor-element-212f9af elementor-widget elementor-widget-html\" data-id=\"212f9af\" data-element_type=\"widget\" data-e-type=\"widget\" data-widget_type=\"html.default\">\n\t\t\t\t\t\t\t<!-- <iframe class=\"map-frame\" frameborder=\"0\" style=\"border:0\" src=\"https:\/\/www.google.com\/maps\/embed\/v1\/place?key=AIzaSyC_rQkOzLFzNFDolszpJnNiz-klYsz0gAw&q=BAHNHOFSTRASSE 3 8180 B\u00dcLACH\"><\/iframe> -->\n\t\t<iframe class=\"map-iframe\" width=\"100%\" height=\"411px\" frameborder=\"0\" style=\"border:0\" src=\"https:\/\/www.google.com\/maps\/embed\/v1\/place?key=AIzaSyC_rQkOzLFzNFDolszpJnNiz-klYsz0gAw&amp;q=under Neuhus 20, ruswil&amp;center=47.0863518,8.1149084\"><\/iframe>\t\t\t\t<\/div>\n\t\t<div class=\"elementor-element elementor-element-bc1146a e-flex e-con-boxed e-con e-child\" data-id=\"bc1146a\" data-element_type=\"container\" data-e-type=\"container\" data-settings=\"{&quot;background_background&quot;:&quot;classic&quot;,&quot;position&quot;:&quot;absolute&quot;}\">\n\t\t\t\t\t<div class=\"e-con-inner\">\n\t\t<div class=\"elementor-element elementor-element-fa8634c e-con-full e-flex e-con e-child\" data-id=\"fa8634c\" data-element_type=\"container\" data-e-type=\"container\" data-settings=\"{&quot;background_background&quot;:&quot;classic&quot;}\">\n\t\t\t\t<div class=\"elementor-element elementor-element-3086f8e elementor-widget elementor-widget-heading\" data-id=\"3086f8e\" data-element_type=\"widget\" data-e-type=\"widget\" data-widget_type=\"heading.default\">\n\t\t\t\t\t<h2 class=\"elementor-heading-title elementor-size-default\">Lernpraxis Reutimann\n<\/h2>\t\t\t\t<\/div>\n\t\t\t\t<div class=\"elementor-element elementor-element-8820069 elementor-widget elementor-widget-heading\" data-id=\"8820069\" data-element_type=\"widget\" data-e-type=\"widget\" data-widget_type=\"heading.default\">\n\t\t\t\t\t<h2 class=\"elementor-heading-title elementor-size-default\">Praxis f\u00fcr Rechenschw\u00e4che\n<\/h2>\t\t\t\t<\/div>\n\t\t\t\t<div class=\"elementor-element elementor-element-46082f8 elementor-widget-divider--view-line elementor-widget elementor-widget-divider\" data-id=\"46082f8\" data-element_type=\"widget\" data-e-type=\"widget\" data-widget_type=\"divider.default\">\n\t\t\t\t\t\t\t<div class=\"elementor-divider\">\n\t\t\t<span class=\"elementor-divider-separator\">\n\t\t\t\t\t\t<\/span>\n\t\t<\/div>\n\t\t\t\t\t\t<\/div>\n\t\t\t\t<div class=\"elementor-element elementor-element-5a00177 elementor-widget elementor-widget-heading\" data-id=\"5a00177\" data-element_type=\"widget\" data-e-type=\"widget\" data-widget_type=\"heading.default\">\n\t\t\t\t\t<h2 class=\"elementor-heading-title elementor-size-default\">Margrit Reutimann\n<br>\nUnder Neuhus 20\n<Br>\n6017 Ruswil<\/h2>\t\t\t\t<\/div>\n\t\t\t\t<div class=\"elementor-element elementor-element-8080c1b elementor-widget elementor-widget-button\" data-id=\"8080c1b\" data-element_type=\"widget\" data-e-type=\"widget\" data-widget_type=\"button.default\">\n\t\t\t\t\t\t\t\t\t\t<a class=\"elementor-button elementor-button-link elementor-size-sm\" href=\"tel:076%20383%2033%2050\">\n\t\t\t\t\t\t<span class=\"elementor-button-content-wrapper\">\n\t\t\t\t\t\t\t\t\t<span class=\"elementor-button-text\">076 383 33 50<\/span>\n\t\t\t\t\t<\/span>\n\t\t\t\t\t<\/a>\n\t\t\t\t\t\t\t\t<\/div>\n\t\t\t\t<div class=\"elementor-element elementor-element-7fe9173 elementor-widget elementor-widget-button\" data-id=\"7fe9173\" data-element_type=\"widget\" data-e-type=\"widget\" data-widget_type=\"button.default\">\n\t\t\t\t\t\t\t\t\t\t<a class=\"elementor-button elementor-button-link elementor-size-sm\" href=\"mailto:%20kontakt@lernpraxis-reutimann.ch\">\n\t\t\t\t\t\t<span class=\"elementor-button-content-wrapper\">\n\t\t\t\t\t\t\t\t\t<span class=\"elementor-button-text\">kontakt@lernpraxis-reutimann.ch<\/span>\n\t\t\t\t\t<\/span>\n\t\t\t\t\t<\/a>\n\t\t\t\t\t\t\t\t<\/div>\n\t\t\t\t<\/div>\n\t\t\t\t\t<\/div>\n\t\t\t\t<\/div>\n\t\t\t\t<\/div>\n\t\t\t\t<\/div>\n\t\t","protected":false},"excerpt":{"rendered":"<p>Zahlen und Mengenangaben sind ein Kind mit einer Rechenschw\u00e4che wie ein Berg von ungeordneten Zahlen. Es weiss nicht, was sie mit diesen Zahlen machen soll, weil es keine Vorstellung von den Zusammenh\u00e4ngen hat. In der Therapie lernt das Kind durch die zunehmend gr\u00f6ssere Sicherheit wieder mehr Selbstvertrauen fassen und \u00c4ngste vor der Mathematik abbauen.<\/p>\n","protected":false},"author":1,"featured_media":32,"parent":0,"menu_order":0,"comment_status":"closed","ping_status":"closed","template":"","meta":{"footnotes":""},"class_list":["post-28","page","type-page","status-publish","has-post-thumbnail","hentry"],"yoast_head":"<!-- This site is optimized with the Yoast SEO plugin v27.4 - https:\/\/yoast.com\/product\/yoast-seo-wordpress\/ -->\n<title>Home - Margrit Reutimann<\/title>\n<meta name=\"robots\" content=\"index, follow, max-snippet:-1, max-image-preview:large, max-video-preview:-1\" \/>\n<link rel=\"canonical\" href=\"https:\/\/lernpraxis-reutimann.ch\/\" \/>\n<meta property=\"og:locale\" content=\"de_DE\" \/>\n<meta property=\"og:type\" content=\"article\" \/>\n<meta property=\"og:title\" content=\"Home - Margrit Reutimann\" \/>\n<meta property=\"og:description\" content=\"Zahlen und Mengenangaben sind ein Kind mit einer Rechenschw\u00e4che wie ein Berg von ungeordneten Zahlen. Es weiss nicht, was sie mit diesen Zahlen machen soll, weil es keine Vorstellung von den Zusammenh\u00e4ngen hat. In der Therapie lernt das Kind durch die zunehmend gr\u00f6ssere Sicherheit wieder mehr Selbstvertrauen fassen und \u00c4ngste vor der Mathematik abbauen.\" \/>\n<meta property=\"og:url\" content=\"https:\/\/lernpraxis-reutimann.ch\/\" \/>\n<meta property=\"og:site_name\" content=\"Margrit Reutimann\" \/>\n<meta property=\"article:modified_time\" content=\"2025-10-22T12:51:57+00:00\" \/>\n<meta property=\"og:image\" content=\"https:\/\/lernpraxis-reutimann.ch\/wp-content\/uploads\/2025\/10\/unnamed-2025-10-06T010227.674-e1761137177915.jpg\" \/>\n\t<meta property=\"og:image:width\" content=\"615\" \/>\n\t<meta property=\"og:image:height\" content=\"461\" \/>\n\t<meta property=\"og:image:type\" content=\"image\/jpeg\" \/>\n<meta name=\"twitter:card\" content=\"summary_large_image\" \/>\n<meta name=\"twitter:label1\" content=\"Gesch\u00e4tzte Lesezeit\" \/>\n\t<meta name=\"twitter:data1\" content=\"2\u00a0Minuten\" \/>\n<script type=\"application\/ld+json\" class=\"yoast-schema-graph\">{\"@context\":\"https:\\\/\\\/schema.org\",\"@graph\":[{\"@type\":\"WebPage\",\"@id\":\"https:\\\/\\\/lernpraxis-reutimann.ch\\\/\",\"url\":\"https:\\\/\\\/lernpraxis-reutimann.ch\\\/\",\"name\":\"Home - Margrit Reutimann\",\"isPartOf\":{\"@id\":\"https:\\\/\\\/lernpraxis-reutimann.ch\\\/#website\"},\"primaryImageOfPage\":{\"@id\":\"https:\\\/\\\/lernpraxis-reutimann.ch\\\/#primaryimage\"},\"image\":{\"@id\":\"https:\\\/\\\/lernpraxis-reutimann.ch\\\/#primaryimage\"},\"thumbnailUrl\":\"https:\\\/\\\/lernpraxis-reutimann.ch\\\/wp-content\\\/uploads\\\/2025\\\/10\\\/unnamed-2025-10-06T010227.674-e1761137177915.jpg\",\"datePublished\":\"2025-10-05T22:48:25+00:00\",\"dateModified\":\"2025-10-22T12:51:57+00:00\",\"breadcrumb\":{\"@id\":\"https:\\\/\\\/lernpraxis-reutimann.ch\\\/#breadcrumb\"},\"inLanguage\":\"de-CH\",\"potentialAction\":[{\"@type\":\"ReadAction\",\"target\":[\"https:\\\/\\\/lernpraxis-reutimann.ch\\\/\"]}]},{\"@type\":\"ImageObject\",\"inLanguage\":\"de-CH\",\"@id\":\"https:\\\/\\\/lernpraxis-reutimann.ch\\\/#primaryimage\",\"url\":\"https:\\\/\\\/lernpraxis-reutimann.ch\\\/wp-content\\\/uploads\\\/2025\\\/10\\\/unnamed-2025-10-06T010227.674-e1761137177915.jpg\",\"contentUrl\":\"https:\\\/\\\/lernpraxis-reutimann.ch\\\/wp-content\\\/uploads\\\/2025\\\/10\\\/unnamed-2025-10-06T010227.674-e1761137177915.jpg\",\"width\":615,\"height\":461},{\"@type\":\"BreadcrumbList\",\"@id\":\"https:\\\/\\\/lernpraxis-reutimann.ch\\\/#breadcrumb\",\"itemListElement\":[{\"@type\":\"ListItem\",\"position\":1,\"name\":\"Startseite\",\"item\":\"https:\\\/\\\/lernpraxis-reutimann.ch\\\/\"},{\"@type\":\"ListItem\",\"position\":2,\"name\":\"Home\"}]},{\"@type\":\"WebSite\",\"@id\":\"https:\\\/\\\/lernpraxis-reutimann.ch\\\/#website\",\"url\":\"https:\\\/\\\/lernpraxis-reutimann.ch\\\/\",\"name\":\"Margrit Reutimann\",\"description\":\"Damit Rechnen leichter wird | Praxis f\u00fcr Rechenschw\u00e4che\",\"potentialAction\":[{\"@type\":\"SearchAction\",\"target\":{\"@type\":\"EntryPoint\",\"urlTemplate\":\"https:\\\/\\\/lernpraxis-reutimann.ch\\\/?s={search_term_string}\"},\"query-input\":{\"@type\":\"PropertyValueSpecification\",\"valueRequired\":true,\"valueName\":\"search_term_string\"}}],\"inLanguage\":\"de-CH\"}]}<\/script>\n<!-- \/ Yoast SEO plugin. -->","yoast_head_json":{"title":"Home - Margrit Reutimann","robots":{"index":"index","follow":"follow","max-snippet":"max-snippet:-1","max-image-preview":"max-image-preview:large","max-video-preview":"max-video-preview:-1"},"canonical":"https:\/\/lernpraxis-reutimann.ch\/","og_locale":"de_DE","og_type":"article","og_title":"Home - Margrit Reutimann","og_description":"Zahlen und Mengenangaben sind ein Kind mit einer Rechenschw\u00e4che wie ein Berg von ungeordneten Zahlen. Es weiss nicht, was sie mit diesen Zahlen machen soll, weil es keine Vorstellung von den Zusammenh\u00e4ngen hat. In der Therapie lernt das Kind durch die zunehmend gr\u00f6ssere Sicherheit wieder mehr Selbstvertrauen fassen und \u00c4ngste vor der Mathematik abbauen.","og_url":"https:\/\/lernpraxis-reutimann.ch\/","og_site_name":"Margrit Reutimann","article_modified_time":"2025-10-22T12:51:57+00:00","og_image":[{"width":615,"height":461,"url":"https:\/\/lernpraxis-reutimann.ch\/wp-content\/uploads\/2025\/10\/unnamed-2025-10-06T010227.674-e1761137177915.jpg","type":"image\/jpeg"}],"twitter_card":"summary_large_image","twitter_misc":{"Gesch\u00e4tzte Lesezeit":"2\u00a0Minuten"},"schema":{"@context":"https:\/\/schema.org","@graph":[{"@type":"WebPage","@id":"https:\/\/lernpraxis-reutimann.ch\/","url":"https:\/\/lernpraxis-reutimann.ch\/","name":"Home - Margrit Reutimann","isPartOf":{"@id":"https:\/\/lernpraxis-reutimann.ch\/#website"},"primaryImageOfPage":{"@id":"https:\/\/lernpraxis-reutimann.ch\/#primaryimage"},"image":{"@id":"https:\/\/lernpraxis-reutimann.ch\/#primaryimage"},"thumbnailUrl":"https:\/\/lernpraxis-reutimann.ch\/wp-content\/uploads\/2025\/10\/unnamed-2025-10-06T010227.674-e1761137177915.jpg","datePublished":"2025-10-05T22:48:25+00:00","dateModified":"2025-10-22T12:51:57+00:00","breadcrumb":{"@id":"https:\/\/lernpraxis-reutimann.ch\/#breadcrumb"},"inLanguage":"de-CH","potentialAction":[{"@type":"ReadAction","target":["https:\/\/lernpraxis-reutimann.ch\/"]}]},{"@type":"ImageObject","inLanguage":"de-CH","@id":"https:\/\/lernpraxis-reutimann.ch\/#primaryimage","url":"https:\/\/lernpraxis-reutimann.ch\/wp-content\/uploads\/2025\/10\/unnamed-2025-10-06T010227.674-e1761137177915.jpg","contentUrl":"https:\/\/lernpraxis-reutimann.ch\/wp-content\/uploads\/2025\/10\/unnamed-2025-10-06T010227.674-e1761137177915.jpg","width":615,"height":461},{"@type":"BreadcrumbList","@id":"https:\/\/lernpraxis-reutimann.ch\/#breadcrumb","itemListElement":[{"@type":"ListItem","position":1,"name":"Startseite","item":"https:\/\/lernpraxis-reutimann.ch\/"},{"@type":"ListItem","position":2,"name":"Home"}]},{"@type":"WebSite","@id":"https:\/\/lernpraxis-reutimann.ch\/#website","url":"https:\/\/lernpraxis-reutimann.ch\/","name":"Margrit Reutimann","description":"Damit Rechnen leichter wird | Praxis f\u00fcr Rechenschw\u00e4che","potentialAction":[{"@type":"SearchAction","target":{"@type":"EntryPoint","urlTemplate":"https:\/\/lernpraxis-reutimann.ch\/?s={search_term_string}"},"query-input":{"@type":"PropertyValueSpecification","valueRequired":true,"valueName":"search_term_string"}}],"inLanguage":"de-CH"}]}},"_links":{"self":[{"href":"https:\/\/lernpraxis-reutimann.ch\/index.php?rest_route=\/wp\/v2\/pages\/28","targetHints":{"allow":["GET"]}}],"collection":[{"href":"https:\/\/lernpraxis-reutimann.ch\/index.php?rest_route=\/wp\/v2\/pages"}],"about":[{"href":"https:\/\/lernpraxis-reutimann.ch\/index.php?rest_route=\/wp\/v2\/types\/page"}],"author":[{"embeddable":true,"href":"https:\/\/lernpraxis-reutimann.ch\/index.php?rest_route=\/wp\/v2\/users\/1"}],"replies":[{"embeddable":true,"href":"https:\/\/lernpraxis-reutimann.ch\/index.php?rest_route=%2Fwp%2Fv2%2Fcomments&post=28"}],"version-history":[{"count":39,"href":"https:\/\/lernpraxis-reutimann.ch\/index.php?rest_route=\/wp\/v2\/pages\/28\/revisions"}],"predecessor-version":[{"id":91,"href":"https:\/\/lernpraxis-reutimann.ch\/index.php?rest_route=\/wp\/v2\/pages\/28\/revisions\/91"}],"wp:featuredmedia":[{"embeddable":true,"href":"https:\/\/lernpraxis-reutimann.ch\/index.php?rest_route=\/wp\/v2\/media\/32"}],"wp:attachment":[{"href":"https:\/\/lernpraxis-reutimann.ch\/index.php?rest_route=%2Fwp%2Fv2%2Fmedia&parent=28"}],"curies":[{"name":"wp","href":"https:\/\/api.w.org\/{rel}","templated":true}]}}